{"id":1263,"date":"2021-04-27T10:07:50","date_gmt":"2021-04-27T08:07:50","guid":{"rendered":"https:\/\/www.woerterwerkstatt.com\/?page_id=1263"},"modified":"2021-04-30T11:32:29","modified_gmt":"2021-04-30T09:32:29","slug":"werk-ohne-titel-2","status":"publish","type":"page","link":"https:\/\/www.woerterwerkstatt.com\/?page_id=1263","title":{"rendered":"[Werk ohne Titel]"},"content":{"rendered":"\n<p>Eine Palme ging einmal zum Strand. Da traf sie einen L\u00f6wen.<br>Der L\u00f6we sagte: Wollen wir Eis essen und Limo trinken?<br>Da sagte die Palme: JA!<\/p>\n\n\n\n<p>Einsendung an die W\u00f6rterwerkstatt, Felicitas<\/p>\n","protected":false},"excerpt":{"rendered":"<p>Eine Palme ging einmal zum Strand. Da traf sie einen L\u00f6wen.Der L\u00f6we sagte: Wollen wir Eis essen und Limo trinken?Da sagte die Palme: JA! Einsendung an die W\u00f6rterwerkstatt, Felicitas<\/p>\n","protected":false},"author":4,"featured_media":0,"parent":33,"menu_order":0,"comment_status":"closed","ping_status":"closed","template":"","meta":{"advgb_blocks_editor_width":"","advgb_blocks_columns_visual_guide":""},"coauthors":[],"author_meta":{"author_link":"https:\/\/www.woerterwerkstatt.com\/?author=4","display_name":"Isabel"},"relative_dates":{"created":"Posted 5\u00a0Jahren ago","modified":"Updated 5\u00a0Jahren ago"},"absolute_dates":{"created":"Posted on 27. April 2021","modified":"Updated on 30. April 2021"},"absolute_dates_time":{"created":"Posted on 27. April 2021 10:07","modified":"Updated on 30. April 2021 11:32"},"featured_img_caption":"","_links":{"self":[{"href":"https:\/\/www.woerterwerkstatt.com\/index.php?rest_route=\/wp\/v2\/pages\/1263"}],"collection":[{"href":"https:\/\/www.woerterwerkstatt.com\/index.php?rest_route=\/wp\/v2\/pages"}],"about":[{"href":"https:\/\/www.woerterwerkstatt.com\/index.php?rest_route=\/wp\/v2\/types\/page"}],"author":[{"embeddable":true,"href":"https:\/\/www.woerterwerkstatt.com\/index.php?rest_route=\/wp\/v2\/users\/4"}],"replies":[{"embeddable":true,"href":"https:\/\/www.woerterwerkstatt.com\/index.php?rest_route=%2Fwp%2Fv2%2Fcomments&post=1263"}],"version-history":[{"count":1,"href":"https:\/\/www.woerterwerkstatt.com\/index.php?rest_route=\/wp\/v2\/pages\/1263\/revisions"}],"predecessor-version":[{"id":1264,"href":"https:\/\/www.woerterwerkstatt.com\/index.php?rest_route=\/wp\/v2\/pages\/1263\/revisions\/1264"}],"up":[{"embeddable":true,"href":"https:\/\/www.woerterwerkstatt.com\/index.php?rest_route=\/wp\/v2\/pages\/33"}],"wp:attachment":[{"href":"https:\/\/www.woerterwerkstatt.com\/index.php?rest_route=%2Fwp%2Fv2%2Fmedia&parent=1263"}],"curies":[{"name":"wp","href":"https:\/\/api.w.org\/{rel}","templated":true}]}}