{"id":327,"date":"2020-11-27T12:37:49","date_gmt":"2020-11-27T11:37:49","guid":{"rendered":"https:\/\/beta.woerterwerkstatt.com\/?page_id=327"},"modified":"2021-04-30T11:36:54","modified_gmt":"2021-04-30T09:36:54","slug":"wie-kommt-eine-giraffe-auf-die-autobahn","status":"publish","type":"page","link":"https:\/\/www.woerterwerkstatt.com\/?page_id=327","title":{"rendered":"Wie kommt eine Giraffe auf die Autobahn?"},"content":{"rendered":"\n<p>Es begann an einem ganz normalen Tag in einem ganz normalen<br>Zoo. Im Tierpark leben die verschiedensten Tiere. Es gab zum Bei-<br>spiel: Tiger, Schlangen, Kraken, L\u00f6wen, Giraffen, Koalas und noch<br>viele mehr. Die Tiere hatten aber keine Lust in ihren kleinen K\u00e4fi-<br>gen zu bleiben. Also schmiedeten sie einen Plan. Die L\u00f6wen muss-<br>ten einen Weg in die Freiheit finden, die Schlangen waren f\u00fcr die<br>Verteidigung zust\u00e4ndig, die Tiger sollten die Zoow\u00e4rter ablenken,<br>den Fluchtwagen besorgten die Kraken und um den Proviant<br>k\u00fcmmerten sich die Koalas.<\/p>\n\n\n\n<p><br>THE END?<\/p>\n\n\n\n<p>Fortsetzung folgt.<\/p>\n\n\n\n<p>Die Mini-M\u00fcnchner Stadtschreiber*innen 2020, Eleanor<\/p>\n\n\n\n<p>Verwendet f\u00fcr folgendes Produkt des \u00a0w\u00a0\u00f6\u00a0r\u00a0t\u00a0e\u00a0r\u00a0k\u00a0i\u00a0o\u00a0s\u00a0k: <a href=\"https:\/\/www.woerterwerkstatt.com\/?page_id=378\/#reagenzglas\">reagenzglas<\/a><br>Du willst dir diesen Text lieber anh\u00f6ren? Das geht <a href=\"https:\/\/www.woerterwerkstatt.com\/?page_id=370\">hier<\/a>.<\/p>\n","protected":false},"excerpt":{"rendered":"<p>Es begann an einem ganz normalen Tag in einem ganz normalenZoo. Im Tierpark leben die verschiedensten Tiere. Es gab zum Bei-spiel: Tiger, Schlangen, Kraken, L\u00f6wen, Giraffen, Koalas und nochviele mehr. Die Tiere hatten aber keine Lust in ihren kleinen K\u00e4fi-gen zu bleiben. Also schmiedeten sie einen Plan. Die L\u00f6wen muss-ten einen Weg in die Freiheit &hellip;<\/p>\n","protected":false},"author":5,"featured_media":0,"parent":33,"menu_order":0,"comment_status":"closed","ping_status":"closed","template":"","meta":{"advgb_blocks_editor_width":"","advgb_blocks_columns_visual_guide":""},"coauthors":[],"author_meta":{"author_link":"https:\/\/www.woerterwerkstatt.com\/?author=5","display_name":"Nina"},"relative_dates":{"created":"Posted 5\u00a0Jahren ago","modified":"Updated 5\u00a0Jahren ago"},"absolute_dates":{"created":"Posted on 27. November 2020","modified":"Updated on 30. April 2021"},"absolute_dates_time":{"created":"Posted on 27. November 2020 12:37","modified":"Updated on 30. April 2021 11:36"},"featured_img_caption":"","_links":{"self":[{"href":"https:\/\/www.woerterwerkstatt.com\/index.php?rest_route=\/wp\/v2\/pages\/327"}],"collection":[{"href":"https:\/\/www.woerterwerkstatt.com\/index.php?rest_route=\/wp\/v2\/pages"}],"about":[{"href":"https:\/\/www.woerterwerkstatt.com\/index.php?rest_route=\/wp\/v2\/types\/page"}],"author":[{"embeddable":true,"href":"https:\/\/www.woerterwerkstatt.com\/index.php?rest_route=\/wp\/v2\/users\/5"}],"replies":[{"embeddable":true,"href":"https:\/\/www.woerterwerkstatt.com\/index.php?rest_route=%2Fwp%2Fv2%2Fcomments&post=327"}],"version-history":[{"count":5,"href":"https:\/\/www.woerterwerkstatt.com\/index.php?rest_route=\/wp\/v2\/pages\/327\/revisions"}],"predecessor-version":[{"id":1209,"href":"https:\/\/www.woerterwerkstatt.com\/index.php?rest_route=\/wp\/v2\/pages\/327\/revisions\/1209"}],"up":[{"embeddable":true,"href":"https:\/\/www.woerterwerkstatt.com\/index.php?rest_route=\/wp\/v2\/pages\/33"}],"wp:attachment":[{"href":"https:\/\/www.woerterwerkstatt.com\/index.php?rest_route=%2Fwp%2Fv2%2Fmedia&parent=327"}],"curies":[{"name":"wp","href":"https:\/\/api.w.org\/{rel}","templated":true}]}}