{"id":380,"date":"2020-11-29T11:00:37","date_gmt":"2020-11-29T10:00:37","guid":{"rendered":"https:\/\/www.woerterwerkstatt.com\/?page_id=380"},"modified":"2021-04-30T11:37:25","modified_gmt":"2021-04-30T09:37:25","slug":"anleitungen","status":"publish","type":"page","link":"https:\/\/www.woerterwerkstatt.com\/?page_id=380","title":{"rendered":"anleitungen"},"content":{"rendered":"\n<div class=\"wp-container-5 wp-block-columns\">\n<div class=\"wp-container-4 wp-block-column\">\n<div class=\"wp-container-3 wp-block-columns\">\n<div class=\"wp-container-1 wp-block-column\">\n<figure class=\"wp-block-image size-large\"><img loading=\"lazy\" width=\"1200\" height=\"900\" src=\"https:\/\/www.woerterwerkstatt.com\/wp-content\/uploads\/2020\/11\/20201126_144817.jpg\" alt=\"\" class=\"wp-image-305\" srcset=\"https:\/\/www.woerterwerkstatt.com\/wp-content\/uploads\/2020\/11\/20201126_144817.jpg 1200w, https:\/\/www.woerterwerkstatt.com\/wp-content\/uploads\/2020\/11\/20201126_144817-300x225.jpg 300w, https:\/\/www.woerterwerkstatt.com\/wp-content\/uploads\/2020\/11\/20201126_144817-768x576.jpg 768w\" sizes=\"(max-width: 1200px) 100vw, 1200px\" \/><\/figure>\n<\/div>\n\n\n\n<div class=\"wp-container-2 wp-block-column TextspaltenAnleitung\">\n<p>Du hast Lust ein paar unserer <a href=\"https:\/\/www.woerterwerkstatt.com\/?page_id=378\" data-type=\"page\" data-id=\"378\">Produkte<\/a> selbst zuhause nachzumachen? Vielleicht sogar mit deinen eigenen Texten?<br>Kein Problem, ab jetzt findest du auf dieser Seite Anleitungen und es werden immer mehr! Schick uns doch gerne ein Foto deiner Produkte an <a href=\"mailto:post@woerterwerkstatt.com\" data-type=\"mailto\" data-id=\"mailto:post@woerterwerkstatt.com\">post@woerterwerkstatt.com<\/a>. Wir freuen uns auf deine Ideen und Umsetzungen!<br>Gezeichnet wurden die Anleitungen von <strong>Anne Marx<\/strong>.<\/p>\n<\/div>\n<\/div>\n<\/div>\n<\/div>\n\n\n\n<div class=\"wp-container-8 wp-block-columns\">\n<div class=\"wp-container-6 wp-block-column\">\n<p><strong>anleitung dreiecksschachtel<\/strong><br>Du m\u00f6chtest diese Schachtel auch zuhause haben? Kein Problem, <a rel=\"noreferrer noopener\" href=\"https:\/\/www.woerterwerkstatt.com\/wp-content\/uploads\/2021\/02\/dreiecksschachtel.pdf\" target=\"_blank\">hier<\/a> gibt es die Anleitung dazu. Dann musst du nur noch einen Text auf ein Dreieckiges Papier schreiben und schon hast du deine eigene Dreiecksschachtel.<\/p>\n<\/div>\n\n\n\n<div class=\"wp-container-7 wp-block-column\">\n<figure class=\"wp-block-image size-large\"><img loading=\"lazy\" width=\"1000\" height=\"750\" src=\"https:\/\/www.woerterwerkstatt.com\/wp-content\/uploads\/2021\/01\/IMG_1380.jpg\" alt=\"\" class=\"wp-image-735\" srcset=\"https:\/\/www.woerterwerkstatt.com\/wp-content\/uploads\/2021\/01\/IMG_1380.jpg 1000w, https:\/\/www.woerterwerkstatt.com\/wp-content\/uploads\/2021\/01\/IMG_1380-300x225.jpg 300w, https:\/\/www.woerterwerkstatt.com\/wp-content\/uploads\/2021\/01\/IMG_1380-768x576.jpg 768w\" sizes=\"(max-width: 1000px) 100vw, 1000px\" \/><\/figure>\n<\/div>\n<\/div>\n\n\n\n<div class=\"wp-container-11 wp-block-columns\">\n<div class=\"wp-container-9 wp-block-column\">\n<figure class=\"wp-block-image size-large\"><img loading=\"lazy\" width=\"1000\" height=\"750\" src=\"https:\/\/www.woerterwerkstatt.com\/wp-content\/uploads\/2021\/01\/IMG_1385.jpg\" alt=\"\" class=\"wp-image-738\" srcset=\"https:\/\/www.woerterwerkstatt.com\/wp-content\/uploads\/2021\/01\/IMG_1385.jpg 1000w, https:\/\/www.woerterwerkstatt.com\/wp-content\/uploads\/2021\/01\/IMG_1385-300x225.jpg 300w, https:\/\/www.woerterwerkstatt.com\/wp-content\/uploads\/2021\/01\/IMG_1385-768x576.jpg 768w\" sizes=\"(max-width: 1000px) 100vw, 1000px\" \/><\/figure>\n<\/div>\n\n\n\n<div class=\"wp-container-10 wp-block-column\">\n<p><br><strong>anleitung w\u00f6rterjet<\/strong><br>Du m\u00f6chtest deine Texte durch die ganze Welt schicken? Das geht super mit dem W\u00f6rterjet! Einfach deinen Text auf ein Blatt Papier schreiben und dann nach <a rel=\"noreferrer noopener\" href=\"https:\/\/www.woerterwerkstatt.com\/wp-content\/uploads\/2021\/02\/Woerterjet.pdf\" target=\"_blank\">dieser Anleitung<\/a> falten.<\/p>\n<\/div>\n<\/div>\n\n\n\n<div class=\"wp-container-14 wp-block-columns\">\n<div class=\"wp-container-12 wp-block-column\">\n<p><strong>anleitung t\u00fctenheft<\/strong><br>Du m\u00f6chtest deine Geschichten immer dabei haben, aber wei\u00dft nicht wie du sie transportieren sollst? Schreib sie doch einfach in diese praktische Heft, das du \u00fcberall mit hinnehmen kannst. <a rel=\"noreferrer noopener\" href=\"https:\/\/www.woerterwerkstatt.com\/wp-content\/uploads\/2021\/02\/Tuetenheft.pdf\" target=\"_blank\">Hier<\/a> findest du heraus wie es geht.<\/p>\n<\/div>\n\n\n\n<div class=\"wp-container-13 wp-block-column\">\n<figure class=\"wp-block-image size-large\"><img loading=\"lazy\" width=\"1000\" height=\"750\" src=\"https:\/\/www.woerterwerkstatt.com\/wp-content\/uploads\/2020\/11\/IMG_1373.jpg\" alt=\"\" class=\"wp-image-391\" srcset=\"https:\/\/www.woerterwerkstatt.com\/wp-content\/uploads\/2020\/11\/IMG_1373.jpg 1000w, https:\/\/www.woerterwerkstatt.com\/wp-content\/uploads\/2020\/11\/IMG_1373-300x225.jpg 300w, https:\/\/www.woerterwerkstatt.com\/wp-content\/uploads\/2020\/11\/IMG_1373-768x576.jpg 768w\" sizes=\"(max-width: 1000px) 100vw, 1000px\" \/><\/figure>\n<\/div>\n<\/div>\n\n\n\n<div class=\"wp-container-17 wp-block-columns\">\n<div class=\"wp-container-15 wp-block-column\">\n<figure class=\"wp-block-image size-large\"><img loading=\"lazy\" width=\"1000\" height=\"750\" src=\"https:\/\/www.woerterwerkstatt.com\/wp-content\/uploads\/2021\/01\/IMG_1382.jpg\" alt=\"\" class=\"wp-image-736\" srcset=\"https:\/\/www.woerterwerkstatt.com\/wp-content\/uploads\/2021\/01\/IMG_1382.jpg 1000w, https:\/\/www.woerterwerkstatt.com\/wp-content\/uploads\/2021\/01\/IMG_1382-300x225.jpg 300w, https:\/\/www.woerterwerkstatt.com\/wp-content\/uploads\/2021\/01\/IMG_1382-768x576.jpg 768w\" sizes=\"(max-width: 1000px) 100vw, 1000px\" \/><\/figure>\n<\/div>\n\n\n\n<div class=\"wp-container-16 wp-block-column\">\n<p><strong>anleitung klappschachtel<\/strong><br>Papierschachteln sind einfach super praktisch! Man kann sie mit einfachsten Mitteln selbst machen, sie sehen toll aus und man kann verschiedenste Sachen in ihnen aufheben. Und diese Schachtel bietet auf dem Boden auch noch genug Platz f\u00fcr ein Zitat aus deinem Lieblingstext. So hat sie beim \u00d6ffnen einen tollen \u00dcberraschungseffekt. <a href=\"https:\/\/www.woerterwerkstatt.com\/wp-content\/uploads\/2021\/03\/Klappschachtel.pdf\" target=\"_blank\" rel=\"noreferrer noopener\">Hier<\/a> erkl\u00e4ren wir dir, wie du sie falten kannst.<\/p>\n<\/div>\n<\/div>\n\n\n\n<div class=\"wp-container-20 wp-block-columns\">\n<div class=\"wp-container-18 wp-block-column\">\n<p><strong>anleitung knallbonbon<\/strong><br>Knallbonbons sind einfach toll! Sie knallen nicht nur, sondern haben auch einen richtig spannenden Inhalt. In unseren Knallbonbons erwartet dich nat\u00fcrlich eine Wort- und Text\u00fcberraschung. Wenn du eigene Knallbonbons herstellen m\u00f6chtest, brauchst du etwas Zubeh\u00f6r und <a rel=\"noreferrer noopener\" href=\"https:\/\/www.woerterwerkstatt.com\/wp-content\/uploads\/2021\/04\/Knallbonbon.pdf\" target=\"_blank\">diese Anleitung<\/a>.<\/p>\n<\/div>\n\n\n\n<div class=\"wp-container-19 wp-block-column\">\n<figure class=\"wp-block-image size-large\"><img loading=\"lazy\" width=\"1000\" height=\"750\" src=\"https:\/\/www.woerterwerkstatt.com\/wp-content\/uploads\/2020\/11\/IMG_1374.jpg\" alt=\"\" class=\"wp-image-393\" srcset=\"https:\/\/www.woerterwerkstatt.com\/wp-content\/uploads\/2020\/11\/IMG_1374.jpg 1000w, https:\/\/www.woerterwerkstatt.com\/wp-content\/uploads\/2020\/11\/IMG_1374-300x225.jpg 300w, https:\/\/www.woerterwerkstatt.com\/wp-content\/uploads\/2020\/11\/IMG_1374-768x576.jpg 768w\" sizes=\"(max-width: 1000px) 100vw, 1000px\" \/><\/figure>\n<\/div>\n<\/div>\n\n\n\n<p><\/p>\n","protected":false},"excerpt":{"rendered":"<p>Du hast Lust ein paar unserer Produkte selbst zuhause nachzumachen? Vielleicht sogar mit deinen eigenen Texten?Kein Problem, ab jetzt findest du auf dieser Seite Anleitungen und es werden immer mehr! Schick uns doch gerne ein Foto deiner Produkte an post@woerterwerkstatt.com. Wir freuen uns auf deine Ideen und Umsetzungen!Gezeichnet wurden die Anleitungen von Anne Marx. anleitung &hellip;<\/p>\n","protected":false},"author":3,"featured_media":0,"parent":37,"menu_order":0,"comment_status":"closed","ping_status":"closed","template":"","meta":{"advgb_blocks_editor_width":"","advgb_blocks_columns_visual_guide":""},"coauthors":[],"author_meta":{"author_link":"https:\/\/www.woerterwerkstatt.com\/?author=3","display_name":"Sandra Singh"},"relative_dates":{"created":"Posted 5\u00a0Jahren ago","modified":"Updated 5\u00a0Jahren ago"},"absolute_dates":{"created":"Posted on 29. November 2020","modified":"Updated on 30. April 2021"},"absolute_dates_time":{"created":"Posted on 29. November 2020 11:00","modified":"Updated on 30. April 2021 11:37"},"featured_img_caption":"","_links":{"self":[{"href":"https:\/\/www.woerterwerkstatt.com\/index.php?rest_route=\/wp\/v2\/pages\/380"}],"collection":[{"href":"https:\/\/www.woerterwerkstatt.com\/index.php?rest_route=\/wp\/v2\/pages"}],"about":[{"href":"https:\/\/www.woerterwerkstatt.com\/index.php?rest_route=\/wp\/v2\/types\/page"}],"author":[{"embeddable":true,"href":"https:\/\/www.woerterwerkstatt.com\/index.php?rest_route=\/wp\/v2\/users\/3"}],"replies":[{"embeddable":true,"href":"https:\/\/www.woerterwerkstatt.com\/index.php?rest_route=%2Fwp%2Fv2%2Fcomments&post=380"}],"version-history":[{"count":14,"href":"https:\/\/www.woerterwerkstatt.com\/index.php?rest_route=\/wp\/v2\/pages\/380\/revisions"}],"predecessor-version":[{"id":1316,"href":"https:\/\/www.woerterwerkstatt.com\/index.php?rest_route=\/wp\/v2\/pages\/380\/revisions\/1316"}],"up":[{"embeddable":true,"href":"https:\/\/www.woerterwerkstatt.com\/index.php?rest_route=\/wp\/v2\/pages\/37"}],"wp:attachment":[{"href":"https:\/\/www.woerterwerkstatt.com\/index.php?rest_route=%2Fwp%2Fv2%2Fmedia&parent=380"}],"curies":[{"name":"wp","href":"https:\/\/api.w.org\/{rel}","templated":true}]}}