{"id":441,"date":"2020-12-09T14:11:49","date_gmt":"2020-12-09T13:11:49","guid":{"rendered":"https:\/\/www.woerterwerkstatt.com\/?page_id=441"},"modified":"2021-04-30T11:34:47","modified_gmt":"2021-04-30T09:34:47","slug":"dieb-am-markt","status":"publish","type":"page","link":"https:\/\/www.woerterwerkstatt.com\/?page_id=441","title":{"rendered":"Dieb am Markt"},"content":{"rendered":"\n<p>Hallo, ich bin Justus. Justus Caeser. Ich erz\u00e4hle euch aus dem alten<br>Rom. Ihr denkt wahrscheinlich, dass ich ein Verwandter von<br>Julius Caeser bin, das stimmt aber nicht. Ich hei\u00dfe nur so, weil<br>meine Familie die Auserw\u00e4hlten sind, die den Namen Caeser verbreiten<br>sollen. Nun fange ich aber mit einer Geschichte an.<br>Als ich wie immer sonntags auf dem Markt meine paar Gisterzen<br>vediente, sah ich neben den Stammg\u00e4sten einen Fremden, der<br>eine Vase vom Stand nahm und wegrannte. Ich rannte ihm hinterher<br>durch ganz Rom bis zum Colloseum. Dort schnappte ich<br>ihn. Da gerade ein paar Soldaten vorbeiliefen, ging ich zu ihnen<br>und \u00fcbergab den Dieb an sie. Diese meinten, sie w\u00fcrden ihn den<br>L\u00f6wen vorwerfen.<\/p>\n\n\n\n<p>Die Mini-M\u00fcnchner Stadtschreiber*innen 2020, Justus<\/p>\n\n\n\n<p>Verwendet f\u00fcr folgendes Produkt des \u00a0w\u00a0\u00f6\u00a0r\u00a0t\u00a0e\u00a0r\u00a0k\u00a0i\u00a0o\u00a0s\u00a0k: <a href=\"https:\/\/www.woerterwerkstatt.com\/?page_id=378\/#poster\">poster<\/a><\/p>\n","protected":false},"excerpt":{"rendered":"<p>Hallo, ich bin Justus. Justus Caeser. Ich erz\u00e4hle euch aus dem altenRom. Ihr denkt wahrscheinlich, dass ich ein Verwandter vonJulius Caeser bin, das stimmt aber nicht. Ich hei\u00dfe nur so, weilmeine Familie die Auserw\u00e4hlten sind, die den Namen Caeser verbreitensollen. Nun fange ich aber mit einer Geschichte an.Als ich wie immer sonntags auf dem Markt &hellip;<\/p>\n","protected":false},"author":5,"featured_media":0,"parent":33,"menu_order":0,"comment_status":"closed","ping_status":"closed","template":"","meta":{"advgb_blocks_editor_width":"","advgb_blocks_columns_visual_guide":""},"coauthors":[],"author_meta":{"author_link":"https:\/\/www.woerterwerkstatt.com\/?author=5","display_name":"Nina"},"relative_dates":{"created":"Posted 5\u00a0Jahren ago","modified":"Updated 5\u00a0Jahren ago"},"absolute_dates":{"created":"Posted on 9. Dezember 2020","modified":"Updated on 30. April 2021"},"absolute_dates_time":{"created":"Posted on 9. Dezember 2020 14:11","modified":"Updated on 30. April 2021 11:34"},"featured_img_caption":"","_links":{"self":[{"href":"https:\/\/www.woerterwerkstatt.com\/index.php?rest_route=\/wp\/v2\/pages\/441"}],"collection":[{"href":"https:\/\/www.woerterwerkstatt.com\/index.php?rest_route=\/wp\/v2\/pages"}],"about":[{"href":"https:\/\/www.woerterwerkstatt.com\/index.php?rest_route=\/wp\/v2\/types\/page"}],"author":[{"embeddable":true,"href":"https:\/\/www.woerterwerkstatt.com\/index.php?rest_route=\/wp\/v2\/users\/5"}],"replies":[{"embeddable":true,"href":"https:\/\/www.woerterwerkstatt.com\/index.php?rest_route=%2Fwp%2Fv2%2Fcomments&post=441"}],"version-history":[{"count":3,"href":"https:\/\/www.woerterwerkstatt.com\/index.php?rest_route=\/wp\/v2\/pages\/441\/revisions"}],"predecessor-version":[{"id":1003,"href":"https:\/\/www.woerterwerkstatt.com\/index.php?rest_route=\/wp\/v2\/pages\/441\/revisions\/1003"}],"up":[{"embeddable":true,"href":"https:\/\/www.woerterwerkstatt.com\/index.php?rest_route=\/wp\/v2\/pages\/33"}],"wp:attachment":[{"href":"https:\/\/www.woerterwerkstatt.com\/index.php?rest_route=%2Fwp%2Fv2%2Fmedia&parent=441"}],"curies":[{"name":"wp","href":"https:\/\/api.w.org\/{rel}","templated":true}]}}