{"id":484,"date":"2020-12-09T14:58:56","date_gmt":"2020-12-09T13:58:56","guid":{"rendered":"https:\/\/www.woerterwerkstatt.com\/?page_id=484"},"modified":"2021-04-30T11:34:52","modified_gmt":"2021-04-30T09:34:52","slug":"eine-verdammt-unangenehme-zugfahrt","status":"publish","type":"page","link":"https:\/\/www.woerterwerkstatt.com\/?page_id=484","title":{"rendered":"Eine verdammt unangenehme Zugfahrt"},"content":{"rendered":"\n<p>Es war sp\u00e4ter Nachmittag, fast schon Abend. Emma war auf dem<br>Heimweg von einem Besuch bei ihren Verwandten und bestieg gerade<br>den Regionalzug nach Hause. Raus aus der Ein\u00f6de! Endlich in die Zivilisation.<br>Ihre Mutter warnte sie immer, sie solle nicht alleine mit dem<br>Zug fahren, weil das gef\u00e4hrlich war. Doch jetzt war sie 20 und<br>schlug die Warnungen ihrer Mutter in den Wind. Sie wusste sehr<br>gut, was alles passieren k\u00f6nnte und war deshalb auch vorsichtig.<br>Ein kleines M\u00e4dchen, das an ihrem Kleid zupfte, riss sie aus<br>ihren Gedanken. \u201eHast du meine Mama gesehen?\u201c Emma sch\u00fcttelte<br>den Kopf. Nein, sie hatte keine verzweifelte Frau gesehen,<br>die einen Namen durch die Gegend rief. \u201eWie hei\u00dft du denn, Kleine?\u201c<br>\u201eLillia.\u201c \u201eDas ist aber ein sch\u00f6ner Name.\u201c \u201eIch wei\u00df.\u201c<br>Unversch\u00e4mt, die Kleine. Lillia hatte mit ihrer kleinen Hand<br>Emmas umgriffen und es schien nicht so, als wollte sie loslassen.<br>\u201eIst deine Mutter schon im Zug?\u201c, fragte Emma das M\u00e4dchen <br>in einem etwas gereiztem Ton. \u201eJa.\u201c Emma zog Lillia gerade noch<br>rechtzeitig in den Zug, als die T\u00fcren sich hinter ihnen schlossen.<br>Erst jetzt beschloss Lillia Emmas Hand loszulassen und spazierte<br>schnurstracks in das n\u00e4chste Abteil. Sie wusste also doch, wo ihre<br>Mutter war. Komisches Kind.<br>Emma dachte nicht weiter dar\u00fcber nach und ging zu ihrem<br>resevierten Sitzplatz. Wie der Zufall es wollte, lag der in genau<br>demselben Abteil, in das Lillia gegangen war, blo\u00df einige Reihen<br>weiter vorne. Sie lugte \u00fcber die Sitzreihen, um einen Blick auf<br>die unverantwortliche Mutter zu werfen, die ihr Kind einfach auf<br>dem Bahnsteig stehen lie\u00df. Was Emma jedoch ersp\u00e4hte, waren<br>Lillias kleine H\u00e4ndchen, die sich am Arm einer sichtlich verwirrten<br>Frau festklammerten. \u201eMama!\u201c, rief sie gl\u00fccklich und umarmte<br>die Frau. \u201eDas ist nicht meine Tochter!\u201c, sagte diese jedoch<br>verzweifelt. Kurzerhand packte Lillia den Arm fester an und verschwand<br>mit der Frau im Abteil weiter vorne. Endlich Ruhe, was<br>f\u00fcr Emma bedeutete, dass sie sich gem\u00fctlich in ihrem Stuhl ausbreitete<br>und einschlief. Sie wollte sich nicht l\u00e4nger mit diesem<br>komischen M\u00e4dchen abgeben. Das war schlie\u00dflich nicht ihr Problem!<br>Darum sollte sich jemand anderes k\u00fcmmern.<br>Ungef\u00e4hr eine halbe Stunde sp\u00e4ter ging es wieder los. Lillia<br>war zur\u00fcckgekehrt und suchte sich einen neuen Erwachsenen<br>aus, den sie als ihr Elternteil schilderte. Das ging die ganze Zugfahrt<br>so und Emma kriegte kein Auge zu. Nach drei Stunden Fahrt<br>war sie ersch\u00f6pft und erleichtert zugleich. Niemand hatte etwas<br>gegen das Kind getan, das einen nach dem anderen aus dem Abteil<br>\u201eentf\u00fchrte\u201c. Emma hatte einfach angenommen, dass das M\u00e4dchen<br>ein seltsames Spiel spielte und die Erwachsenen einfach<br>ausgestiegen waren, bis sie am Tag danach ihren morgendlichen<br>Kaffee trank, die Zeitung aufschlug und stutzte. Eine der \u00dcberschriften<br>lautete: \u201e21 Erwachsene verschwinden auf mysteri\u00f6se<br>Weise aus einem Zugabteil \u2013 Grund bisher unbekannt\u201c.<\/p>\n\n\n\n<p><\/p>\n\n\n\n<p>Die Mini-M\u00fcnchner Stadtschreiber*innen 2020, Yasmin B.<\/p>\n\n\n\n<p>Verwendet f\u00fcr folgendes Produkt des \u00a0w\u00a0\u00f6\u00a0r\u00a0t\u00a0e\u00a0r\u00a0k\u00a0i\u00a0o\u00a0s\u00a0k: <a href=\"https:\/\/www.woerterwerkstatt.com\/?page_id=378\/#einschlagheft\">einschlagheft<\/a><br>Du willst dir diesen Text lieber anh\u00f6ren? Das geht <a href=\"https:\/\/www.woerterwerkstatt.com\/?page_id=370\" data-type=\"page\" data-id=\"370\">hier<\/a>.<\/p>\n","protected":false},"excerpt":{"rendered":"<p>Es war sp\u00e4ter Nachmittag, fast schon Abend. Emma war auf demHeimweg von einem Besuch bei ihren Verwandten und bestieg geradeden Regionalzug nach Hause. Raus aus der Ein\u00f6de! Endlich in die Zivilisation.Ihre Mutter warnte sie immer, sie solle nicht alleine mit demZug fahren, weil das gef\u00e4hrlich war. Doch jetzt war sie 20 undschlug die Warnungen ihrer &hellip;<\/p>\n","protected":false},"author":5,"featured_media":0,"parent":33,"menu_order":0,"comment_status":"closed","ping_status":"closed","template":"","meta":{"advgb_blocks_editor_width":"","advgb_blocks_columns_visual_guide":""},"coauthors":[],"author_meta":{"author_link":"https:\/\/www.woerterwerkstatt.com\/?author=5","display_name":"Nina"},"relative_dates":{"created":"Posted 5\u00a0Jahren ago","modified":"Updated 5\u00a0Jahren ago"},"absolute_dates":{"created":"Posted on 9. Dezember 2020","modified":"Updated on 30. April 2021"},"absolute_dates_time":{"created":"Posted on 9. Dezember 2020 14:58","modified":"Updated on 30. April 2021 11:34"},"featured_img_caption":"","_links":{"self":[{"href":"https:\/\/www.woerterwerkstatt.com\/index.php?rest_route=\/wp\/v2\/pages\/484"}],"collection":[{"href":"https:\/\/www.woerterwerkstatt.com\/index.php?rest_route=\/wp\/v2\/pages"}],"about":[{"href":"https:\/\/www.woerterwerkstatt.com\/index.php?rest_route=\/wp\/v2\/types\/page"}],"author":[{"embeddable":true,"href":"https:\/\/www.woerterwerkstatt.com\/index.php?rest_route=\/wp\/v2\/users\/5"}],"replies":[{"embeddable":true,"href":"https:\/\/www.woerterwerkstatt.com\/index.php?rest_route=%2Fwp%2Fv2%2Fcomments&post=484"}],"version-history":[{"count":8,"href":"https:\/\/www.woerterwerkstatt.com\/index.php?rest_route=\/wp\/v2\/pages\/484\/revisions"}],"predecessor-version":[{"id":1208,"href":"https:\/\/www.woerterwerkstatt.com\/index.php?rest_route=\/wp\/v2\/pages\/484\/revisions\/1208"}],"up":[{"embeddable":true,"href":"https:\/\/www.woerterwerkstatt.com\/index.php?rest_route=\/wp\/v2\/pages\/33"}],"wp:attachment":[{"href":"https:\/\/www.woerterwerkstatt.com\/index.php?rest_route=%2Fwp%2Fv2%2Fmedia&parent=484"}],"curies":[{"name":"wp","href":"https:\/\/api.w.org\/{rel}","templated":true}]}}