{"id":530,"date":"2021-01-04T12:54:21","date_gmt":"2021-01-04T11:54:21","guid":{"rendered":"https:\/\/www.woerterwerkstatt.com\/?page_id=530"},"modified":"2021-04-30T11:32:44","modified_gmt":"2021-04-30T09:32:44","slug":"17-11-1935","status":"publish","type":"page","link":"https:\/\/www.woerterwerkstatt.com\/?page_id=530","title":{"rendered":"17.11.1935"},"content":{"rendered":"\n<p>Der zweite Weltkrieg war im vollem Gange. Die Deutschen waren<br>auf dem Weg Sedan zu erreichen. Die Franzosen dachten, dass die<br>Deutschen zwei Wochen brauchen, doch sie waren schon in drei<br>Tagen und drei N\u00e4chten da. Die Bewohner der Vorst\u00e4dte bekamen<br>Angst, als sie h\u00f6rten, dass die Deutschen ihr Ziel fast erreicht hat-<br>ten. Und da begann unsere Geschichte:<br>Ameli sah, wie ihr Zuhause brannte. Sie h\u00f6rte, wie ihre Mut-<br>ter \u201eLauf, Ameli, lauf!\u201c schrie. Da sah sie einen d\u00fcsteren Schatten<br>hinter sich. Sie drehte sich um und blickte in ein finster dreinbli-<br>ckendes Gesicht. Das Gesicht geh\u00f6rte einem Soldaten. Der Soldat<br>sagte etwas, doch Ameli verstand ihn nicht. Pl\u00f6tzlich ert\u00f6nte ein<br>heftiger Knall und das letzte, was Ameli sah, war das schmerz-<br>erf\u00fcllte Gesicht des Soldaten, dann fiel sie um.<br>Als Ameli wieder aufwachte, sah sie wieder dem Mann ins<br>Gesicht. Sofort kamen alle Erinnerungen zur\u00fcck: ihre Mutter, die<br>im Sterben lag, die Leichen unz\u00e4hliger M\u00e4nner, ihr brennendes<br>Haus und das Gesicht des Mannes, dem sie auch jetzt wieder ins<br>Gesicht blickte. Sie sprang auf.<br>THE END?<br>Fortsetzung folgt.<\/p>\n\n\n\n<p>Die Mini-M\u00fcnchner Stadtschreiber*innen 2020, Ben<\/p>\n\n\n\n<p>Verwendet f\u00fcr folgendes Produkt des \u00a0w\u00a0\u00f6\u00a0r\u00a0t\u00a0e\u00a0r\u00a0k\u00a0i\u00a0o\u00a0s\u00a0k: <a href=\"https:\/\/www.woerterwerkstatt.com\/?page_id=378\/#textrollen\" data-type=\"page\">textrollen<\/a><\/p>\n","protected":false},"excerpt":{"rendered":"<p>Der zweite Weltkrieg war im vollem Gange. Die Deutschen warenauf dem Weg Sedan zu erreichen. Die Franzosen dachten, dass dieDeutschen zwei Wochen brauchen, doch sie waren schon in dreiTagen und drei N\u00e4chten da. Die Bewohner der Vorst\u00e4dte bekamenAngst, als sie h\u00f6rten, dass die Deutschen ihr Ziel fast erreicht hat-ten. Und da begann unsere Geschichte:Ameli sah, &hellip;<\/p>\n","protected":false},"author":5,"featured_media":0,"parent":33,"menu_order":0,"comment_status":"closed","ping_status":"closed","template":"","meta":{"advgb_blocks_editor_width":"","advgb_blocks_columns_visual_guide":""},"coauthors":[],"author_meta":{"author_link":"https:\/\/www.woerterwerkstatt.com\/?author=5","display_name":"Nina"},"relative_dates":{"created":"Posted 5\u00a0Jahren ago","modified":"Updated 5\u00a0Jahren ago"},"absolute_dates":{"created":"Posted on 4. Januar 2021","modified":"Updated on 30. April 2021"},"absolute_dates_time":{"created":"Posted on 4. Januar 2021 12:54","modified":"Updated on 30. April 2021 11:32"},"featured_img_caption":"","_links":{"self":[{"href":"https:\/\/www.woerterwerkstatt.com\/index.php?rest_route=\/wp\/v2\/pages\/530"}],"collection":[{"href":"https:\/\/www.woerterwerkstatt.com\/index.php?rest_route=\/wp\/v2\/pages"}],"about":[{"href":"https:\/\/www.woerterwerkstatt.com\/index.php?rest_route=\/wp\/v2\/types\/page"}],"author":[{"embeddable":true,"href":"https:\/\/www.woerterwerkstatt.com\/index.php?rest_route=\/wp\/v2\/users\/5"}],"replies":[{"embeddable":true,"href":"https:\/\/www.woerterwerkstatt.com\/index.php?rest_route=%2Fwp%2Fv2%2Fcomments&post=530"}],"version-history":[{"count":3,"href":"https:\/\/www.woerterwerkstatt.com\/index.php?rest_route=\/wp\/v2\/pages\/530\/revisions"}],"predecessor-version":[{"id":988,"href":"https:\/\/www.woerterwerkstatt.com\/index.php?rest_route=\/wp\/v2\/pages\/530\/revisions\/988"}],"up":[{"embeddable":true,"href":"https:\/\/www.woerterwerkstatt.com\/index.php?rest_route=\/wp\/v2\/pages\/33"}],"wp:attachment":[{"href":"https:\/\/www.woerterwerkstatt.com\/index.php?rest_route=%2Fwp%2Fv2%2Fmedia&parent=530"}],"curies":[{"name":"wp","href":"https:\/\/api.w.org\/{rel}","templated":true}]}}