{"id":65,"date":"2020-11-25T15:23:39","date_gmt":"2020-11-25T14:23:39","guid":{"rendered":"https:\/\/beta.woerterwerkstatt.com\/?page_id=65"},"modified":"2024-10-08T14:25:20","modified_gmt":"2024-10-08T12:25:20","slug":"home","status":"publish","type":"page","link":"https:\/\/www.woerterwerkstatt.com\/","title":{"rendered":"home"},"content":{"rendered":"<div class=\"wp-block-image\">\n<figure class=\"aligncenter size-large\"><img loading=\"lazy\" width=\"1024\" height=\"154\" src=\"https:\/\/beta.woerterwerkstatt.com\/wp-content\/uploads\/2020\/11\/header_woerterwerkstatt-1024x154.png\" alt=\"\" class=\"wp-image-54\" srcset=\"https:\/\/www.woerterwerkstatt.com\/wp-content\/uploads\/2020\/11\/header_woerterwerkstatt-1024x154.png 1024w, https:\/\/www.woerterwerkstatt.com\/wp-content\/uploads\/2020\/11\/header_woerterwerkstatt-300x45.png 300w, https:\/\/www.woerterwerkstatt.com\/wp-content\/uploads\/2020\/11\/header_woerterwerkstatt-768x116.png 768w, https:\/\/www.woerterwerkstatt.com\/wp-content\/uploads\/2020\/11\/header_woerterwerkstatt-1536x231.png 1536w, https:\/\/www.woerterwerkstatt.com\/wp-content\/uploads\/2020\/11\/header_woerterwerkstatt.png 2000w\" sizes=\"(max-width: 1024px) 100vw, 1024px\" \/><\/figure><\/div>\n\n\n<div class=\"wp-container-4 wp-block-columns\">\n<div class=\"wp-container-1 wp-block-column\">\n<p>Herzlich Willkommen in der &nbsp;w&nbsp;\u00f6&nbsp;r&nbsp;t&nbsp;e&nbsp;r&nbsp;w&nbsp;e&nbsp;r&nbsp;k&nbsp;s&nbsp;t&nbsp;a&nbsp;t&nbsp;t&nbsp;. Hier findet ihr tolle W\u00f6rter, Texte von Kindern und Jugendlichen und ganz besondere Produkte, wie diese Texte ver\u00f6ffentlicht und im &nbsp;w&nbsp;\u00f6&nbsp;r&nbsp;t&nbsp;e&nbsp;r&nbsp;k&nbsp;i&nbsp;o&nbsp;s&nbsp;k&nbsp; (gegen W\u00f6rter) verkauft werden: mal als Memory, als Knallbonbon oder in einem schlanken Heft.<\/p>\n<\/div>\n\n\n\n<div class=\"wp-container-2 wp-block-column\"><div class=\"wp-block-image\">\n<figure class=\"aligncenter size-large is-resized\"><a href=\"https:\/\/www.woerterwerkstatt.com\/?page_id=124\"><img loading=\"lazy\" src=\"https:\/\/beta.woerterwerkstatt.com\/wp-content\/uploads\/2020\/11\/umschlagbutton-1-edited.jpg\" alt=\"\" class=\"wp-image-254\" width=\"352\" height=\"197\" srcset=\"https:\/\/www.woerterwerkstatt.com\/wp-content\/uploads\/2020\/11\/umschlagbutton-1-edited.jpg 1200w, https:\/\/www.woerterwerkstatt.com\/wp-content\/uploads\/2020\/11\/umschlagbutton-1-edited-300x169.jpg 300w, https:\/\/www.woerterwerkstatt.com\/wp-content\/uploads\/2020\/11\/umschlagbutton-1-edited-768x431.jpg 768w\" sizes=\"(max-width: 352px) 100vw, 352px\" \/><\/a><\/figure><\/div>\n\n\n<p><p align=\"right\"><a href=\"https:\/\/www.woerterwerkstatt.com\/?page_id=124\">Wie du uns Texte schickst erf\u00e4hrst du hier.<\/a><\/p><\/p>\n<\/div>\n\n\n\n<div class=\"wp-container-3 wp-block-column\">\n<p>Alle W\u00f6rter hier auf der Seite d\u00fcrft ihr f\u00fcr eigene Kurztexte verwenden. Schickt uns diese, wenn ihr sie selbst ver\u00f6ffentlichen m\u00f6chtet \u2013 demn\u00e4chst auf dieser Seite oder im w&nbsp;\u00f6&nbsp;r&nbsp;t&nbsp;e&nbsp;r&nbsp;k&nbsp;i&nbsp;o&nbsp;s&nbsp;k. Wir denken uns in der w&nbsp;\u00f6&nbsp;r&nbsp;t&nbsp;e&nbsp;r&nbsp;w&nbsp;e&nbsp;r&nbsp;k&nbsp;s&nbsp;t&nbsp;a&nbsp;t&nbsp;t mit Kindern gemeinsam wieder tolle neue Dinge damit aus!<\/p>\n<\/div>\n<\/div>\n\n\n\n<div class=\"wp-container-7 wp-block-columns\">\n<div class=\"wp-container-5 wp-block-column\">\n<figure class=\"wp-block-image size-large\"><img loading=\"lazy\" width=\"2000\" height=\"1500\" src=\"https:\/\/www.woerterwerkstatt.com\/wp-content\/uploads\/2021\/04\/IMG_20210410_162651429_HDR-2-2000x1500.jpg\" alt=\"\" class=\"wp-image-1331\" srcset=\"https:\/\/www.woerterwerkstatt.com\/wp-content\/uploads\/2021\/04\/IMG_20210410_162651429_HDR-2-2000x1500.jpg 2000w, https:\/\/www.woerterwerkstatt.com\/wp-content\/uploads\/2021\/04\/IMG_20210410_162651429_HDR-2-300x225.jpg 300w, https:\/\/www.woerterwerkstatt.com\/wp-content\/uploads\/2021\/04\/IMG_20210410_162651429_HDR-2-768x576.jpg 768w, https:\/\/www.woerterwerkstatt.com\/wp-content\/uploads\/2021\/04\/IMG_20210410_162651429_HDR-2-1536x1152.jpg 1536w, https:\/\/www.woerterwerkstatt.com\/wp-content\/uploads\/2021\/04\/IMG_20210410_162651429_HDR-2-2048x1536.jpg 2048w\" sizes=\"(max-width: 2000px) 100vw, 2000px\" \/><\/figure>\n<\/div>\n\n\n\n<div class=\"wp-container-6 wp-block-column\">\n<p class=\"has-text-align-left\"> <\/p>\n\n\n\n<p><\/p>\n\n\n\n<p><\/p>\n\n\n\n<p><\/p>\n\n\n\n<p><\/p>\n\n\n\n<p>Dies ist eine Archiv-Seite, die aktuell (Stand Oktober 2024) nicht mehr laufend in Bearbeitung ist. Alle W\u00f6rter und Texte stehen aber weiterhin zur Verf\u00fcgung. Ebenso eine Auswahl der tollen Produkte, die im Laufe der woerterwerkstatt entstanden sind &#8211; zur Nachahmung empfohlen!<\/p>\n<\/div>\n<\/div>\n\n\n\n<div class=\"wp-container-10 wp-block-columns\">\n<div class=\"wp-container-8 wp-block-column\"><div class=\"iheg-wrapper\"><div class=\"eihe-box eihe-fade\" style=\"background: rgba(255,255,255,1);\"><img src=\"https:\/\/www.woerterwerkstatt.com\/wp-content\/uploads\/2020\/11\/20201126_103150.jpg\" alt=\"\"\/><div class=\"eihe-caption\" style=\"background: rgba(255,255,255,1);\"><div class=\"eihe-title-cover\"><p style=\"font-size: 25px;\" class=\"eihe-title\"><em><a href=\"https:\/\/www.woerterwerkstatt.com\/?page_id=367\" data-type=\"page\" data-id=\"367\">texte<\/a><\/em><\/p>\t<\/div><p><\/p><\/div><\/div><\/div><\/div>\n\n\n\n<div class=\"wp-container-9 wp-block-column\"><div class=\"iheg-wrapper\"><div class=\"eihe-box eihe-fade\" style=\"background: rgba(255,255,255,1);\"><img src=\"https:\/\/www.woerterwerkstatt.com\/wp-content\/uploads\/2020\/11\/20201126_103020.jpg\" alt=\"\"\/><div class=\"eihe-caption\" style=\"background: rgba(255,255,255,1);\"><div class=\"eihe-title-cover\"><p style=\"font-size: 25px;font-style: italic;letter-spacing: 6px;\" class=\"eihe-title\"><em><a href=\"https:\/\/www.woerterwerkstatt.com\/?page_id=35\" data-type=\"page\" data-id=\"35\">w\u00f6rtersammlung<\/a><\/em><\/p>\t<\/div><p><\/p><\/div><\/div><\/div><\/div>\n<\/div>\n\n\n\n<div class=\"wp-container-13 wp-block-columns\">\n<div class=\"wp-container-11 wp-block-column\"><div class=\"iheg-wrapper\"><div class=\"eihe-box eihe-fade\" style=\"background: rgba(255,255,255,1);\"><img src=\"https:\/\/www.woerterwerkstatt.com\/wp-content\/uploads\/2020\/11\/kasse.jpg\" alt=\"\"\/><div class=\"eihe-caption\" style=\"background: rgba(255,255,255,1);\"><div class=\"eihe-title-cover\"><p style=\"font-size: 25px;letter-spacing: 6px;\" class=\"eihe-title\"><em><a href=\"https:\/\/www.woerterwerkstatt.com\/?page_id=37\" data-type=\"page\" data-id=\"37\">w\u00f6rterkiosk<\/a><\/em><\/p>\t<\/div><p><\/p><\/div><\/div><\/div><\/div>\n\n\n\n<div class=\"wp-container-12 wp-block-column\"><div class=\"iheg-wrapper\"><div class=\"eihe-box eihe-fade\" style=\"background: rgba(255,255,255,1);\"><img src=\"https:\/\/www.woerterwerkstatt.com\/wp-content\/uploads\/2021\/01\/wuerfel-klein.jpg\" alt=\"\"\/><div class=\"eihe-caption\" style=\"background: rgba(255,255,255,1);\"><div class=\"eihe-title-cover\"><p style=\"font-size: 25px;\" class=\"eihe-title\"><em><a href=\"https:\/\/www.woerterwerkstatt.com\/?page_id=40\" data-type=\"page\" data-id=\"40\">\u00fcber das projekt<\/a><\/em><\/p>\t<\/div><p>Description<\/p><\/div><\/div><\/div><\/div>\n<\/div>\n\n\n\n<p><\/p>\n","protected":false},"excerpt":{"rendered":"<p>Herzlich Willkommen in der &nbsp;w&nbsp;\u00f6&nbsp;r&nbsp;t&nbsp;e&nbsp;r&nbsp;w&nbsp;e&nbsp;r&nbsp;k&nbsp;s&nbsp;t&nbsp;a&nbsp;t&nbsp;t&nbsp;. Hier findet ihr tolle W\u00f6rter, Texte von Kindern und Jugendlichen und ganz besondere Produkte, wie diese Texte ver\u00f6ffentlicht und im &nbsp;w&nbsp;\u00f6&nbsp;r&nbsp;t&nbsp;e&nbsp;r&nbsp;k&nbsp;i&nbsp;o&nbsp;s&nbsp;k&nbsp; (gegen W\u00f6rter) verkauft werden: mal als Memory, als Knallbonbon oder in einem schlanken Heft. Wie du uns Texte schickst erf\u00e4hrst du hier. Alle W\u00f6rter hier auf der Seite d\u00fcrft &hellip;<\/p>\n","protected":false},"author":3,"featured_media":0,"parent":0,"menu_order":0,"comment_status":"closed","ping_status":"closed","template":"","meta":{"advgb_blocks_editor_width":"","advgb_blocks_columns_visual_guide":""},"coauthors":[],"author_meta":{"author_link":"https:\/\/www.woerterwerkstatt.com\/?author=3","display_name":"Sandra Singh"},"relative_dates":{"created":"Posted 5\u00a0Jahren ago","modified":"Updated 2\u00a0Jahren ago"},"absolute_dates":{"created":"Posted on 25. November 2020","modified":"Updated on 8. Oktober 2024"},"absolute_dates_time":{"created":"Posted on 25. November 2020 15:23","modified":"Updated on 8. Oktober 2024 14:25"},"featured_img_caption":"","_links":{"self":[{"href":"https:\/\/www.woerterwerkstatt.com\/index.php?rest_route=\/wp\/v2\/pages\/65"}],"collection":[{"href":"https:\/\/www.woerterwerkstatt.com\/index.php?rest_route=\/wp\/v2\/pages"}],"about":[{"href":"https:\/\/www.woerterwerkstatt.com\/index.php?rest_route=\/wp\/v2\/types\/page"}],"author":[{"embeddable":true,"href":"https:\/\/www.woerterwerkstatt.com\/index.php?rest_route=\/wp\/v2\/users\/3"}],"replies":[{"embeddable":true,"href":"https:\/\/www.woerterwerkstatt.com\/index.php?rest_route=%2Fwp%2Fv2%2Fcomments&post=65"}],"version-history":[{"count":75,"href":"https:\/\/www.woerterwerkstatt.com\/index.php?rest_route=\/wp\/v2\/pages\/65\/revisions"}],"predecessor-version":[{"id":1374,"href":"https:\/\/www.woerterwerkstatt.com\/index.php?rest_route=\/wp\/v2\/pages\/65\/revisions\/1374"}],"wp:attachment":[{"href":"https:\/\/www.woerterwerkstatt.com\/index.php?rest_route=%2Fwp%2Fv2%2Fmedia&parent=65"}],"curies":[{"name":"wp","href":"https:\/\/api.w.org\/{rel}","templated":true}]}}